{"id":1083,"date":"2024-05-08T11:42:00","date_gmt":"2024-05-08T09:42:00","guid":{"rendered":"https:\/\/www.iavs.ch\/adhesion\/"},"modified":"2024-12-05T16:04:28","modified_gmt":"2024-12-05T15:04:28","slug":"beitrittsformular","status":"publish","type":"page","link":"https:\/\/www.iavs.ch\/de\/beitrittsformular\/","title":{"rendered":"Beitrittsformular"},"content":{"rendered":"<div class=\"wpb-content-wrapper\"><p>[vc_row full_width=&#8220;stretch_row&#8220; content_placement=&#8220;middle&#8220; el_class=&#8220;section-banner&#8220; css=&#8220;.vc_custom_1715158187521{padding-top: 100px !important;padding-bottom: 100px !important;background-image: url(https:\/\/www.iavs.ch\/wp-content\/uploads\/2024\/05\/d3ebe33aa64550df1c0e0440358a021c.jpg?id=618) !important;background-position: center !important;background-repeat: no-repeat !important;background-size: cover !important;}&#8220;][vc_column css=&#8220;.vc_custom_1714982198824{margin-top: 0px !important;padding-top: 0px !important;}&#8220;][vc_custom_heading text=&#8220;Mitgliedschaft&#8220; font_container=&#8220;tag:h1|font_size:56|text_align:center|color:%23ffffff|line_height:1.2&#8243; use_theme_fonts=&#8220;yes&#8220; css=&#8220;.vc_custom_1729600773462{margin-top: 0px !important;margin-bottom: 0px !important;padding-top: 0px !important;padding-bottom: 0px !important;}&#8220; el_class=&#8220;title-page&#8220;][\/vc_column][\/vc_row][vc_row][vc_column css=&#8220;.vc_custom_1715394682077{margin-top: 0px !important;padding-top: 0px !important;}&#8220;][vc_raw_html css=&#8220;.vc_custom_1715394638948{margin-top: 0px !important;margin-bottom: 0px !important;padding-top: 0px !important;padding-bottom: 0px !important;}&#8220;]JTVCYnJlYWRjcnVtYnMlNUQ=[\/vc_raw_html][\/vc_column][\/vc_row][vc_row][vc_column el_class=&#8220;max-1000&#8243;][vc_custom_heading text=&#8220;Uns beitreten&#8220; font_container=&#8220;tag:h2|font_size:40px|text_align:left|line_height:1.25&#8243; use_theme_fonts=&#8220;yes&#8220; css=&#8220;.vc_custom_1729516667028{margin-bottom: 40px !important;}&#8220;][vc_column_text css=&#8220;.vc_custom_1733411065045{margin-bottom: 40px !important;}&#8220;]Um unserem Verein beizutreten, k\u00f6nnen Sie sich mithilfe des unten stehenden Formulars anmelden. Bitte denken Sie vorher daran, <a href=\"https:\/\/www.iavs.ch\/wp-content\/uploads\/2024\/12\/STATUTEN-2.pdf\" target=\"_blank\" rel=\"noopener\">unseren Statuten<\/a>\u00a0und insbesondere die Verpflichtungen, die mit der Mitgliedschaft im IAVS verbunden sind, zur Kenntnis zu nehmen.[\/vc_column_text][vc_column_text css=&#8220;.vc_custom_1729516709817{margin-bottom: 20px !important;}&#8220;]<strong>Um Mitglied zu werden, m\u00fcssen Sie unter anderem:<\/strong>[\/vc_column_text]\t\t\n\t\t<div class=\"rst-missions-wrap max-width-630 margin-left-33 brown\">\n\t\t\t\t\t\t\t<div class=\"rst-mission-item\">\n\t\t\t\t\t<div class=\"number\"><span>01<\/span><\/div>\n\t\t\t\t\t<div class=\"rst-mission-content\">\n\t\t\t\t\t\tIn den entsprechenden Berufen aktiv sein\t\t\t\t\t<\/div>\n\t\t\t\t<\/div>\n\t\t\t\t\t\t\t<div class=\"rst-mission-item\">\n\t\t\t\t\t<div class=\"number\"><span>02<\/span><\/div>\n\t\t\t\t\t<div class=\"rst-mission-content\">\n\t\t\t\t\t\t\u00dcber ein Diplom verf\u00fcgen, das eine abgeschlossene Berufsausbildung nachweist\t\t\t\t\t<\/div>\n\t\t\t\t<\/div>\n\t\t\t\t\t\t\t<div class=\"rst-mission-item\">\n\t\t\t\t\t<div class=\"number\"><span>03<\/span><\/div>\n\t\t\t\t\t<div class=\"rst-mission-content\">\n\t\t\t\t\t\tIm Handelsregister eingetragen sein\t\t\t\t\t<\/div>\n\t\t\t\t<\/div>\n\t\t\t\t\t\t\n\t\t<\/div>\n\t\t\n\t\n[vc_empty_space height=&#8220;80px&#8220;][vc_empty_space height=&#8220;40px&#8220; el_class=&#8220;hidden&#8220;][vc_custom_heading text=&#8220;Beitrittsformular&#8220; font_container=&#8220;tag:h2|font_size:40px|text_align:left|line_height:1.25&#8243; use_theme_fonts=&#8220;yes&#8220; css=&#8220;.vc_custom_1729516877083{margin-bottom: 40px !important;}&#8220;]\t<div class=\"rst-item-download blue\">\n\t\t<a href=\"https:\/\/www.iavs.ch\/wp-content\/uploads\/2024\/05\/formulaire-adhesion.pdf\" download>\n\t\t\t<span class=\"rst-icon-download\"><span><\/span><\/span><\/span>Formular herunterladen<\/a>\n\t<\/div>\n\t\n[vc_empty_space height=&#8220;100px&#8220;][vc_empty_space height=&#8220;20px&#8220; el_class=&#8220;hidden&#8220;][\/vc_column][\/vc_row]<\/p>\n<\/div>","protected":false},"excerpt":{"rendered":"<p>[vc_row full_width=&#8220;stretch_row&#8220; content_placement=&#8220;middle&#8220; el_class=&#8220;section-banner&#8220; css=&#8220;.vc_custom_1715158187521{padding-top: 100px !important;padding-bottom: 100px !important;background-image: url(https:\/\/www.iavs.ch\/wp-content\/uploads\/2024\/05\/d3ebe33aa64550df1c0e0440358a021c.jpg?id=618) !important;background-position: center !important;background-repeat: no-repeat !important;background-size: cover !important;}&#8220;][vc_column css=&#8220;.vc_custom_1714982198824{margin-top: 0px !important;padding-top: 0px !important;}&#8220;][vc_custom_heading text=&#8220;Mitgliedschaft&#8220; font_container=&#8220;tag:h1|font_size:56|text_align:center|color:%23ffffff|line_height:1.2&#8243; use_theme_fonts=&#8220;yes&#8220; css=&#8220;.vc_custom_1729600773462{margin-top: 0px !important;margin-bottom: 0px !important;padding-top: 0px !important;padding-bottom: 0px !important;}&#8220; el_class=&#8220;title-page&#8220;][\/vc_column][\/vc_row][vc_row][vc_column css=&#8220;.vc_custom_1715394682077{margin-top: 0px !important;padding-top: 0px !important;}&#8220;][vc_raw_html css=&#8220;.vc_custom_1715394638948{margin-top: 0px !important;margin-bottom: 0px !important;padding-top: 0px !important;padding-bottom: 0px !important;}&#8220;]JTVCYnJlYWRjcnVtYnMlNUQ=[\/vc_raw_html][\/vc_column][\/vc_row][vc_row][vc_column el_class=&#8220;max-1000&#8243;][vc_custom_heading text=&#8220;Uns beitreten&#8220; font_container=&#8220;tag:h2|font_size:40px|text_align:left|line_height:1.25&#8243; use_theme_fonts=&#8220;yes&#8220; css=&#8220;.vc_custom_1729516667028{margin-bottom: [&hellip;]<\/p>\n","protected":false},"author":1,"featured_media":0,"parent":0,"menu_order":0,"comment_status":"closed","ping_status":"closed","template":"","meta":{"_acf_changed":false,"footnotes":""},"class_list":["post-1083","page","type-page","status-publish","hentry"],"acf":[],"yoast_head":"<!-- This site is optimized with the Yoast SEO plugin v27.5 - https:\/\/yoast.com\/product\/yoast-seo-wordpress\/ -->\n<title>IAVS \u2013 Membres<\/title>\n<meta name=\"description\" content=\"Pour adh\u00e9rer \u00e0 notre association, vous pouvez vous inscrire \u00e0 l\u2019aide du formulaire \u00e0 t\u00e9l\u00e9charger.\" \/>\n<meta name=\"robots\" content=\"index, follow, max-snippet:-1, max-image-preview:large, max-video-preview:-1\" \/>\n<link rel=\"canonical\" href=\"https:\/\/www.iavs.ch\/de\/beitrittsformular\/\" \/>\n<meta property=\"og:locale\" content=\"de_DE\" \/>\n<meta property=\"og:type\" content=\"article\" \/>\n<meta property=\"og:title\" content=\"IAVS \u2013 Membres\" \/>\n<meta property=\"og:description\" content=\"Pour adh\u00e9rer \u00e0 notre association, vous pouvez vous inscrire \u00e0 l\u2019aide du formulaire \u00e0 t\u00e9l\u00e9charger.\" \/>\n<meta property=\"og:url\" content=\"https:\/\/www.iavs.ch\/de\/beitrittsformular\/\" \/>\n<meta property=\"og:site_name\" content=\"IAVS - Ingenieure und Architekten aus dem Wallis\" \/>\n<meta property=\"article:modified_time\" content=\"2024-12-05T15:04:28+00:00\" \/>\n<meta name=\"twitter:card\" content=\"summary_large_image\" \/>\n<meta name=\"twitter:label1\" content=\"Gesch\u00e4tzte Lesezeit\" \/>\n\t<meta name=\"twitter:data1\" content=\"1\u00a0Minute\" \/>\n<script type=\"application\/ld+json\" class=\"yoast-schema-graph\">{\"@context\":\"https:\\\/\\\/schema.org\",\"@graph\":[{\"@type\":\"WebPage\",\"@id\":\"https:\\\/\\\/www.iavs.ch\\\/de\\\/beitrittsformular\\\/\",\"url\":\"https:\\\/\\\/www.iavs.ch\\\/de\\\/beitrittsformular\\\/\",\"name\":\"IAVS \u2013 Membres\",\"isPartOf\":{\"@id\":\"https:\\\/\\\/www.iavs.ch\\\/de\\\/#website\"},\"datePublished\":\"2024-05-08T09:42:00+00:00\",\"dateModified\":\"2024-12-05T15:04:28+00:00\",\"description\":\"Pour adh\u00e9rer \u00e0 notre association, vous pouvez vous inscrire \u00e0 l\u2019aide du formulaire \u00e0 t\u00e9l\u00e9charger.\",\"breadcrumb\":{\"@id\":\"https:\\\/\\\/www.iavs.ch\\\/de\\\/beitrittsformular\\\/#breadcrumb\"},\"inLanguage\":\"de\",\"potentialAction\":[{\"@type\":\"ReadAction\",\"target\":[\"https:\\\/\\\/www.iavs.ch\\\/de\\\/beitrittsformular\\\/\"]}]},{\"@type\":\"BreadcrumbList\",\"@id\":\"https:\\\/\\\/www.iavs.ch\\\/de\\\/beitrittsformular\\\/#breadcrumb\",\"itemListElement\":[{\"@type\":\"ListItem\",\"position\":1,\"name\":\"Accueil\",\"item\":\"https:\\\/\\\/www.iavs.ch\\\/de\\\/\"},{\"@type\":\"ListItem\",\"position\":2,\"name\":\"Beitrittsformular\"}]},{\"@type\":\"WebSite\",\"@id\":\"https:\\\/\\\/www.iavs.ch\\\/de\\\/#website\",\"url\":\"https:\\\/\\\/www.iavs.ch\\\/de\\\/\",\"name\":\"IAVS \u2013 Ing\u00e9nieurs et Architectes du Valais\",\"description\":\"Vereinigung Ingenieure Architekten Wallis\",\"publisher\":{\"@id\":\"https:\\\/\\\/www.iavs.ch\\\/de\\\/#organization\"},\"potentialAction\":[{\"@type\":\"SearchAction\",\"target\":{\"@type\":\"EntryPoint\",\"urlTemplate\":\"https:\\\/\\\/www.iavs.ch\\\/de\\\/?s={search_term_string}\"},\"query-input\":{\"@type\":\"PropertyValueSpecification\",\"valueRequired\":true,\"valueName\":\"search_term_string\"}}],\"inLanguage\":\"de\"},{\"@type\":\"Organization\",\"@id\":\"https:\\\/\\\/www.iavs.ch\\\/de\\\/#organization\",\"name\":\"IAVS\",\"url\":\"https:\\\/\\\/www.iavs.ch\\\/de\\\/\",\"logo\":{\"@type\":\"ImageObject\",\"inLanguage\":\"de\",\"@id\":\"https:\\\/\\\/www.iavs.ch\\\/de\\\/#\\\/schema\\\/logo\\\/image\\\/\",\"url\":\"https:\\\/\\\/www.iavs.ch\\\/wp-content\\\/uploads\\\/2024\\\/05\\\/IAVS-logo.svg\",\"contentUrl\":\"https:\\\/\\\/www.iavs.ch\\\/wp-content\\\/uploads\\\/2024\\\/05\\\/IAVS-logo.svg\",\"width\":1,\"height\":1,\"caption\":\"IAVS\"},\"image\":{\"@id\":\"https:\\\/\\\/www.iavs.ch\\\/de\\\/#\\\/schema\\\/logo\\\/image\\\/\"}}]}<\/script>\n<!-- \/ Yoast SEO plugin. -->","yoast_head_json":{"title":"IAVS \u2013 Membres","description":"Pour adh\u00e9rer \u00e0 notre association, vous pouvez vous inscrire \u00e0 l\u2019aide du formulaire \u00e0 t\u00e9l\u00e9charger.","robots":{"index":"index","follow":"follow","max-snippet":"max-snippet:-1","max-image-preview":"max-image-preview:large","max-video-preview":"max-video-preview:-1"},"canonical":"https:\/\/www.iavs.ch\/de\/beitrittsformular\/","og_locale":"de_DE","og_type":"article","og_title":"IAVS \u2013 Membres","og_description":"Pour adh\u00e9rer \u00e0 notre association, vous pouvez vous inscrire \u00e0 l\u2019aide du formulaire \u00e0 t\u00e9l\u00e9charger.","og_url":"https:\/\/www.iavs.ch\/de\/beitrittsformular\/","og_site_name":"IAVS - Ingenieure und Architekten aus dem Wallis","article_modified_time":"2024-12-05T15:04:28+00:00","twitter_card":"summary_large_image","twitter_misc":{"Gesch\u00e4tzte Lesezeit":"1\u00a0Minute"},"schema":{"@context":"https:\/\/schema.org","@graph":[{"@type":"WebPage","@id":"https:\/\/www.iavs.ch\/de\/beitrittsformular\/","url":"https:\/\/www.iavs.ch\/de\/beitrittsformular\/","name":"IAVS \u2013 Membres","isPartOf":{"@id":"https:\/\/www.iavs.ch\/de\/#website"},"datePublished":"2024-05-08T09:42:00+00:00","dateModified":"2024-12-05T15:04:28+00:00","description":"Pour adh\u00e9rer \u00e0 notre association, vous pouvez vous inscrire \u00e0 l\u2019aide du formulaire \u00e0 t\u00e9l\u00e9charger.","breadcrumb":{"@id":"https:\/\/www.iavs.ch\/de\/beitrittsformular\/#breadcrumb"},"inLanguage":"de","potentialAction":[{"@type":"ReadAction","target":["https:\/\/www.iavs.ch\/de\/beitrittsformular\/"]}]},{"@type":"BreadcrumbList","@id":"https:\/\/www.iavs.ch\/de\/beitrittsformular\/#breadcrumb","itemListElement":[{"@type":"ListItem","position":1,"name":"Accueil","item":"https:\/\/www.iavs.ch\/de\/"},{"@type":"ListItem","position":2,"name":"Beitrittsformular"}]},{"@type":"WebSite","@id":"https:\/\/www.iavs.ch\/de\/#website","url":"https:\/\/www.iavs.ch\/de\/","name":"IAVS \u2013 Ing\u00e9nieurs et Architectes du Valais","description":"Vereinigung Ingenieure Architekten Wallis","publisher":{"@id":"https:\/\/www.iavs.ch\/de\/#organization"},"potentialAction":[{"@type":"SearchAction","target":{"@type":"EntryPoint","urlTemplate":"https:\/\/www.iavs.ch\/de\/?s={search_term_string}"},"query-input":{"@type":"PropertyValueSpecification","valueRequired":true,"valueName":"search_term_string"}}],"inLanguage":"de"},{"@type":"Organization","@id":"https:\/\/www.iavs.ch\/de\/#organization","name":"IAVS","url":"https:\/\/www.iavs.ch\/de\/","logo":{"@type":"ImageObject","inLanguage":"de","@id":"https:\/\/www.iavs.ch\/de\/#\/schema\/logo\/image\/","url":"https:\/\/www.iavs.ch\/wp-content\/uploads\/2024\/05\/IAVS-logo.svg","contentUrl":"https:\/\/www.iavs.ch\/wp-content\/uploads\/2024\/05\/IAVS-logo.svg","width":1,"height":1,"caption":"IAVS"},"image":{"@id":"https:\/\/www.iavs.ch\/de\/#\/schema\/logo\/image\/"}}]}},"_links":{"self":[{"href":"https:\/\/www.iavs.ch\/de\/wp-json\/wp\/v2\/pages\/1083","targetHints":{"allow":["GET"]}}],"collection":[{"href":"https:\/\/www.iavs.ch\/de\/wp-json\/wp\/v2\/pages"}],"about":[{"href":"https:\/\/www.iavs.ch\/de\/wp-json\/wp\/v2\/types\/page"}],"author":[{"embeddable":true,"href":"https:\/\/www.iavs.ch\/de\/wp-json\/wp\/v2\/users\/1"}],"replies":[{"embeddable":true,"href":"https:\/\/www.iavs.ch\/de\/wp-json\/wp\/v2\/comments?post=1083"}],"version-history":[{"count":10,"href":"https:\/\/www.iavs.ch\/de\/wp-json\/wp\/v2\/pages\/1083\/revisions"}],"predecessor-version":[{"id":1798,"href":"https:\/\/www.iavs.ch\/de\/wp-json\/wp\/v2\/pages\/1083\/revisions\/1798"}],"wp:attachment":[{"href":"https:\/\/www.iavs.ch\/de\/wp-json\/wp\/v2\/media?parent=1083"}],"curies":[{"name":"wp","href":"https:\/\/api.w.org\/{rel}","templated":true}]}}