{"id":1089,"date":"2024-05-06T04:57:52","date_gmt":"2024-05-06T02:57:52","guid":{"rendered":"https:\/\/www.iavs.ch\/historique\/"},"modified":"2024-12-05T16:23:47","modified_gmt":"2024-12-05T15:23:47","slug":"geschichte","status":"publish","type":"page","link":"https:\/\/www.iavs.ch\/de\/geschichte\/","title":{"rendered":"Geschichte"},"content":{"rendered":"<div class=\"wpb-content-wrapper\"><p>[vc_row full_width=&#8220;stretch_row&#8220; content_placement=&#8220;middle&#8220; el_class=&#8220;section-banner&#8220; css=&#8220;.vc_custom_1715225477799{padding-top: 100px !important;padding-bottom: 100px !important;background-image: url(https:\/\/www.iavs.ch\/wp-content\/uploads\/2024\/05\/f925fa6221a1285a8f8f97ac86eade87.jpg?id=744) !important;background-position: center !important;background-repeat: no-repeat !important;background-size: cover !important;}&#8220;][vc_column css=&#8220;.vc_custom_1714982198824{margin-top: 0px !important;padding-top: 0px !important;}&#8220;][vc_custom_heading text=&#8220;Geschichte&#8220; font_container=&#8220;tag:h1|font_size:56|text_align:center|color:%23ffffff|line_height:1.2&#8243; use_theme_fonts=&#8220;yes&#8220; css=&#8220;.vc_custom_1729519726986{margin-top: 0px !important;margin-bottom: 0px !important;padding-top: 0px !important;padding-bottom: 0px !important;}&#8220; el_class=&#8220;title-page&#8220;][\/vc_column][\/vc_row][vc_row][vc_column css=&#8220;.vc_custom_1715394682077{margin-top: 0px !important;padding-top: 0px !important;}&#8220;][vc_raw_html css=&#8220;.vc_custom_1715394638948{margin-top: 0px !important;margin-bottom: 0px !important;padding-top: 0px !important;padding-bottom: 0px !important;}&#8220;]JTVCYnJlYWRjcnVtYnMlNUQ=[\/vc_raw_html][\/vc_column][\/vc_row][vc_row][vc_column el_class=&#8220;max-1000&#8243;][vc_custom_heading text=&#8220;Zwanzig Jahre im Dienst des Bauwesens&#8220; font_container=&#8220;tag:h2|font_size:40px|text_align:left|line_height:1.25&#8243; use_theme_fonts=&#8220;yes&#8220; css=&#8220;.vc_custom_1729519764472{margin-bottom: 40px !important;}&#8220;][vc_column_text css=&#8220;.vc_custom_1733411787756{margin-bottom: 0px !important;}&#8220;]IAVS ist eine der f\u00fcnf Organisationen, die dem 2003 gegr\u00fcndeten Dachverband <a href=\"https:\/\/www.bauenwallis.ch\" target=\"_blank\" rel=\"noopener\">bauenwallis<\/a>\u00a0angeh\u00f6ren. Als echter Dirigent wertet der Verband seit zwei Jahrzehnten die Qualit\u00e4t der Realisierungen seiner Mitglieder auf. Wir haben den Willen, Menschen zusammenzubringen, Verbindungen zu schaffen und die korrekte Anwendung der Bauvorschriften zu gew\u00e4hrleisten.[\/vc_column_text][\/vc_column][\/vc_row][vc_row][vc_column][vc_empty_space height=&#8220;60px&#8220;][\/vc_column][\/vc_row][vc_row][vc_column offset=&#8220;vc_hidden-xs&#8220;][vc_empty_space height=&#8220;62px&#8220;][\/vc_column][\/vc_row][vc_row css=&#8220;.vc_custom_1715045408198{margin-bottom: 108px !important;}&#8220;][vc_column][vc_custom_heading text=&#8220;Erfolge&#8220; font_container=&#8220;tag:div|font_size:44px|text_align:left|color:%23a36712|line_height:1.25&#8243; use_theme_fonts=&#8220;yes&#8220; css=&#8220;.vc_custom_1729519961670{margin-bottom: 60px !important;}&#8220; el_class=&#8220;heading-span font-500&#8243;]\t\t\n\t\t<div class=\"rst-timelines-wrap\">\n\t\t\t\t\t\t<div class=\"rst-timeline\">\n\t\t\t\t<div class=\"rst-timeline-item\">\n\t\t\t\t\t<span class=\"dot\"><\/span>\n\t\t\t\t\t<div class=\"rst-timeline-box\">\n\t\t\t\t\t\t<div class=\"icon-timeline\">\n\t\t\t\t\t\t<img decoding=\"async\" src=\"https:\/\/www.iavs.ch\/wp-content\/uploads\/2024\/05\/Bulb.svg\" alt=\"\" \/>\n\t\t\t\t\t\t<\/div>\n\t\t\t\t\t\t<div>\n\t\t\t\t\t\t\t<span class=\"year\">2003<\/span>\n\t\t\t\t\t\t\t\t\t\t\t\t\t\t<p>Gr\u00fcndung des Vereins WVAP<\/p>\n\t\t\t\t\t\t\t\t\t\t\t\t\t<\/div>\n\t\t\t\t\t<\/div>\n\t\t\t\t<\/div>\n\t\t\t<\/div>\n\t\t\t\t\t\t<div class=\"rst-timeline\">\n\t\t\t\t<div class=\"rst-timeline-item\">\n\t\t\t\t\t<span class=\"dot\"><\/span>\n\t\t\t\t\t<div class=\"rst-timeline-box\">\n\t\t\t\t\t\t<div class=\"icon-timeline\">\n\t\t\t\t\t\t<img decoding=\"async\" src=\"https:\/\/www.iavs.ch\/wp-content\/uploads\/2024\/05\/Check_Mark.svg\" alt=\"\" \/>\n\t\t\t\t\t\t<\/div>\n\t\t\t\t\t\t<div>\n\t\t\t\t\t\t\t<span class=\"year\">2004<\/span>\n\t\t\t\t\t\t\t\t\t\t\t\t\t\t<p>Gr\u00fcndung der F\u00e9d\u00e9ration des Entreprises Romandes Valais FER-Valais, an der der WVAP beteiligt ist<\/p>\n\t\t\t\t\t\t\t\t\t\t\t\t\t<\/div>\n\t\t\t\t\t<\/div>\n\t\t\t\t<\/div>\n\t\t\t<\/div>\n\t\t\t\t\t\t<div class=\"rst-timeline\">\n\t\t\t\t<div class=\"rst-timeline-item\">\n\t\t\t\t\t<span class=\"dot\"><\/span>\n\t\t\t\t\t<div class=\"rst-timeline-box\">\n\t\t\t\t\t\t<div class=\"icon-timeline\">\n\t\t\t\t\t\t<img decoding=\"async\" src=\"https:\/\/www.iavs.ch\/wp-content\/uploads\/2024\/05\/Bookmark.svg\" alt=\"\" \/>\n\t\t\t\t\t\t<\/div>\n\t\t\t\t\t\t<div>\n\t\t\t\t\t\t\t<span class=\"year\">2019<\/span>\n\t\t\t\t\t\t\t\t\t\t\t\t\t\t<p>Erstellung einer SIA\/WVAP-Vereinbarung f\u00fcr eine st\u00e4ndige Kommission f\u00fcr Zeichner EFZ<\/p>\n\t\t\t\t\t\t\t\t\t\t\t\t\t<\/div>\n\t\t\t\t\t<\/div>\n\t\t\t\t<\/div>\n\t\t\t<\/div>\n\t\t\t\t\t\t<div class=\"rst-timeline\">\n\t\t\t\t<div class=\"rst-timeline-item\">\n\t\t\t\t\t<span class=\"dot\"><\/span>\n\t\t\t\t\t<div class=\"rst-timeline-box\">\n\t\t\t\t\t\t<div class=\"icon-timeline\">\n\t\t\t\t\t\t<img decoding=\"async\" src=\"https:\/\/www.iavs.ch\/wp-content\/uploads\/2024\/05\/Medal.svg\" alt=\"\" \/>\n\t\t\t\t\t\t<\/div>\n\t\t\t\t\t\t<div>\n\t\t\t\t\t\t\t<span class=\"year\">2021<\/span>\n\t\t\t\t\t\t\t\t\t\t\t\t\t\t<p>Mitglied des st\u00e4ndigen Arbeitsausschusses des Staates Wallis, Kommission DMRU<\/p>\n\t\t\t\t\t\t\t\t\t\t\t\t\t<\/div>\n\t\t\t\t\t<\/div>\n\t\t\t\t<\/div>\n\t\t\t<\/div>\n\t\t\t\t\t\t<div class=\"rst-timeline\">\n\t\t\t\t<div class=\"rst-timeline-item\">\n\t\t\t\t\t<span class=\"dot\"><\/span>\n\t\t\t\t\t<div class=\"rst-timeline-box\">\n\t\t\t\t\t\t<div class=\"icon-timeline\">\n\t\t\t\t\t\t<img decoding=\"async\" src=\"https:\/\/www.iavs.ch\/wp-content\/uploads\/2024\/05\/Calendaar.svg\" alt=\"\" \/>\n\t\t\t\t\t\t<\/div>\n\t\t\t\t\t\t<div>\n\t\t\t\t\t\t\t<span class=\"year\">2023<\/span>\n\t\t\t\t\t\t\t\t\t\t\t\t\t\t<p>WVAP wird anl\u00e4sslich des 20-j\u00e4hrigen Jubil\u00e4ums zur IAVS<\/p>\n\t\t\t\t\t\t\t\t\t\t\t\t\t<\/div>\n\t\t\t\t\t<\/div>\n\t\t\t\t<\/div>\n\t\t\t<\/div>\n\t\t\t\t\t\t<div class=\"rst-timeline\">\n\t\t\t\t<div class=\"rst-timeline-item\">\n\t\t\t\t\t<span class=\"dot\"><\/span>\n\t\t\t\t\t<div class=\"rst-timeline-box\">\n\t\t\t\t\t\t<div class=\"icon-timeline\">\n\t\t\t\t\t\t<img decoding=\"async\" src=\"https:\/\/www.iavs.ch\/wp-content\/uploads\/2024\/05\/Flag.svg\" alt=\"\" \/>\n\t\t\t\t\t\t<\/div>\n\t\t\t\t\t\t<div>\n\t\t\t\t\t\t\t<span class=\"year\">Heute<\/span>\n\t\t\t\t\t\t\t\t\t\t\t\t\t<\/div>\n\t\t\t\t\t<\/div>\n\t\t\t\t<\/div>\n\t\t\t<\/div>\n\t\t\t\t\t\t\n\t\t<\/div>\n\t\t\n\t\n[\/vc_column][vc_column][\/vc_column][\/vc_row][vc_row css=&#8220;.vc_custom_1715045494511{margin-top: 0px !important;margin-bottom: 0px !important;padding-top: 0px !important;padding-bottom: 0px !important;}&#8220;][vc_column css=&#8220;.vc_custom_1715055392370{margin-top: 0px !important;margin-bottom: 0px !important;padding-top: 0px !important;padding-bottom: 0px !important;}&#8220; offset=&#8220;vc_hidden-xs&#8220;][vc_empty_space height=&#8220;100px&#8220;][\/vc_column][\/vc_row]<\/p>\n<\/div>","protected":false},"excerpt":{"rendered":"<p>[vc_row full_width=&#8220;stretch_row&#8220; content_placement=&#8220;middle&#8220; el_class=&#8220;section-banner&#8220; css=&#8220;.vc_custom_1715225477799{padding-top: 100px !important;padding-bottom: 100px !important;background-image: url(https:\/\/www.iavs.ch\/wp-content\/uploads\/2024\/05\/f925fa6221a1285a8f8f97ac86eade87.jpg?id=744) !important;background-position: center !important;background-repeat: no-repeat !important;background-size: cover !important;}&#8220;][vc_column css=&#8220;.vc_custom_1714982198824{margin-top: 0px !important;padding-top: 0px !important;}&#8220;][vc_custom_heading text=&#8220;Geschichte&#8220; font_container=&#8220;tag:h1|font_size:56|text_align:center|color:%23ffffff|line_height:1.2&#8243; use_theme_fonts=&#8220;yes&#8220; css=&#8220;.vc_custom_1729519726986{margin-top: 0px !important;margin-bottom: 0px !important;padding-top: 0px !important;padding-bottom: 0px !important;}&#8220; el_class=&#8220;title-page&#8220;][\/vc_column][\/vc_row][vc_row][vc_column css=&#8220;.vc_custom_1715394682077{margin-top: 0px !important;padding-top: 0px !important;}&#8220;][vc_raw_html css=&#8220;.vc_custom_1715394638948{margin-top: 0px !important;margin-bottom: 0px !important;padding-top: 0px !important;padding-bottom: 0px !important;}&#8220;]JTVCYnJlYWRjcnVtYnMlNUQ=[\/vc_raw_html][\/vc_column][\/vc_row][vc_row][vc_column el_class=&#8220;max-1000&#8243;][vc_custom_heading text=&#8220;Zwanzig Jahre im Dienst des [&hellip;]<\/p>\n","protected":false},"author":1,"featured_media":0,"parent":0,"menu_order":0,"comment_status":"closed","ping_status":"closed","template":"","meta":{"_acf_changed":false,"footnotes":""},"class_list":["post-1089","page","type-page","status-publish","hentry"],"acf":[],"yoast_head":"<!-- This site is optimized with the Yoast SEO plugin v27.5 - https:\/\/yoast.com\/product\/yoast-seo-wordpress\/ -->\n<title>IAVS \u2013 Historique<\/title>\n<meta name=\"description\" content=\"L\u2019IAVS est l\u2019une des cinq organisations qui int\u00e8grent la fa\u00eeti\u00e8re Construction Valais.\" \/>\n<meta name=\"robots\" content=\"index, follow, max-snippet:-1, max-image-preview:large, max-video-preview:-1\" \/>\n<link rel=\"canonical\" href=\"https:\/\/www.iavs.ch\/de\/geschichte\/\" \/>\n<meta property=\"og:locale\" content=\"de_DE\" \/>\n<meta property=\"og:type\" content=\"article\" \/>\n<meta property=\"og:title\" content=\"IAVS \u2013 Historique\" \/>\n<meta property=\"og:description\" content=\"L\u2019IAVS est l\u2019une des cinq organisations qui int\u00e8grent la fa\u00eeti\u00e8re Construction Valais.\" \/>\n<meta property=\"og:url\" content=\"https:\/\/www.iavs.ch\/de\/geschichte\/\" \/>\n<meta property=\"og:site_name\" content=\"IAVS - Ingenieure und Architekten aus dem Wallis\" \/>\n<meta property=\"article:modified_time\" content=\"2024-12-05T15:23:47+00:00\" \/>\n<meta name=\"twitter:card\" content=\"summary_large_image\" \/>\n<meta name=\"twitter:label1\" content=\"Gesch\u00e4tzte Lesezeit\" \/>\n\t<meta name=\"twitter:data1\" content=\"1\u00a0Minute\" \/>\n<script type=\"application\/ld+json\" class=\"yoast-schema-graph\">{\"@context\":\"https:\\\/\\\/schema.org\",\"@graph\":[{\"@type\":\"WebPage\",\"@id\":\"https:\\\/\\\/www.iavs.ch\\\/de\\\/geschichte\\\/\",\"url\":\"https:\\\/\\\/www.iavs.ch\\\/de\\\/geschichte\\\/\",\"name\":\"IAVS \u2013 Historique\",\"isPartOf\":{\"@id\":\"https:\\\/\\\/www.iavs.ch\\\/de\\\/#website\"},\"datePublished\":\"2024-05-06T02:57:52+00:00\",\"dateModified\":\"2024-12-05T15:23:47+00:00\",\"description\":\"L\u2019IAVS est l\u2019une des cinq organisations qui int\u00e8grent la fa\u00eeti\u00e8re Construction Valais.\",\"breadcrumb\":{\"@id\":\"https:\\\/\\\/www.iavs.ch\\\/de\\\/geschichte\\\/#breadcrumb\"},\"inLanguage\":\"de\",\"potentialAction\":[{\"@type\":\"ReadAction\",\"target\":[\"https:\\\/\\\/www.iavs.ch\\\/de\\\/geschichte\\\/\"]}]},{\"@type\":\"BreadcrumbList\",\"@id\":\"https:\\\/\\\/www.iavs.ch\\\/de\\\/geschichte\\\/#breadcrumb\",\"itemListElement\":[{\"@type\":\"ListItem\",\"position\":1,\"name\":\"Accueil\",\"item\":\"https:\\\/\\\/www.iavs.ch\\\/de\\\/\"},{\"@type\":\"ListItem\",\"position\":2,\"name\":\"Geschichte\"}]},{\"@type\":\"WebSite\",\"@id\":\"https:\\\/\\\/www.iavs.ch\\\/de\\\/#website\",\"url\":\"https:\\\/\\\/www.iavs.ch\\\/de\\\/\",\"name\":\"IAVS \u2013 Ing\u00e9nieurs et Architectes du Valais\",\"description\":\"Vereinigung Ingenieure Architekten Wallis\",\"publisher\":{\"@id\":\"https:\\\/\\\/www.iavs.ch\\\/de\\\/#organization\"},\"potentialAction\":[{\"@type\":\"SearchAction\",\"target\":{\"@type\":\"EntryPoint\",\"urlTemplate\":\"https:\\\/\\\/www.iavs.ch\\\/de\\\/?s={search_term_string}\"},\"query-input\":{\"@type\":\"PropertyValueSpecification\",\"valueRequired\":true,\"valueName\":\"search_term_string\"}}],\"inLanguage\":\"de\"},{\"@type\":\"Organization\",\"@id\":\"https:\\\/\\\/www.iavs.ch\\\/de\\\/#organization\",\"name\":\"IAVS\",\"url\":\"https:\\\/\\\/www.iavs.ch\\\/de\\\/\",\"logo\":{\"@type\":\"ImageObject\",\"inLanguage\":\"de\",\"@id\":\"https:\\\/\\\/www.iavs.ch\\\/de\\\/#\\\/schema\\\/logo\\\/image\\\/\",\"url\":\"https:\\\/\\\/www.iavs.ch\\\/wp-content\\\/uploads\\\/2024\\\/05\\\/IAVS-logo.svg\",\"contentUrl\":\"https:\\\/\\\/www.iavs.ch\\\/wp-content\\\/uploads\\\/2024\\\/05\\\/IAVS-logo.svg\",\"width\":1,\"height\":1,\"caption\":\"IAVS\"},\"image\":{\"@id\":\"https:\\\/\\\/www.iavs.ch\\\/de\\\/#\\\/schema\\\/logo\\\/image\\\/\"}}]}<\/script>\n<!-- \/ Yoast SEO plugin. -->","yoast_head_json":{"title":"IAVS \u2013 Historique","description":"L\u2019IAVS est l\u2019une des cinq organisations qui int\u00e8grent la fa\u00eeti\u00e8re Construction Valais.","robots":{"index":"index","follow":"follow","max-snippet":"max-snippet:-1","max-image-preview":"max-image-preview:large","max-video-preview":"max-video-preview:-1"},"canonical":"https:\/\/www.iavs.ch\/de\/geschichte\/","og_locale":"de_DE","og_type":"article","og_title":"IAVS \u2013 Historique","og_description":"L\u2019IAVS est l\u2019une des cinq organisations qui int\u00e8grent la fa\u00eeti\u00e8re Construction Valais.","og_url":"https:\/\/www.iavs.ch\/de\/geschichte\/","og_site_name":"IAVS - Ingenieure und Architekten aus dem Wallis","article_modified_time":"2024-12-05T15:23:47+00:00","twitter_card":"summary_large_image","twitter_misc":{"Gesch\u00e4tzte Lesezeit":"1\u00a0Minute"},"schema":{"@context":"https:\/\/schema.org","@graph":[{"@type":"WebPage","@id":"https:\/\/www.iavs.ch\/de\/geschichte\/","url":"https:\/\/www.iavs.ch\/de\/geschichte\/","name":"IAVS \u2013 Historique","isPartOf":{"@id":"https:\/\/www.iavs.ch\/de\/#website"},"datePublished":"2024-05-06T02:57:52+00:00","dateModified":"2024-12-05T15:23:47+00:00","description":"L\u2019IAVS est l\u2019une des cinq organisations qui int\u00e8grent la fa\u00eeti\u00e8re Construction Valais.","breadcrumb":{"@id":"https:\/\/www.iavs.ch\/de\/geschichte\/#breadcrumb"},"inLanguage":"de","potentialAction":[{"@type":"ReadAction","target":["https:\/\/www.iavs.ch\/de\/geschichte\/"]}]},{"@type":"BreadcrumbList","@id":"https:\/\/www.iavs.ch\/de\/geschichte\/#breadcrumb","itemListElement":[{"@type":"ListItem","position":1,"name":"Accueil","item":"https:\/\/www.iavs.ch\/de\/"},{"@type":"ListItem","position":2,"name":"Geschichte"}]},{"@type":"WebSite","@id":"https:\/\/www.iavs.ch\/de\/#website","url":"https:\/\/www.iavs.ch\/de\/","name":"IAVS \u2013 Ing\u00e9nieurs et Architectes du Valais","description":"Vereinigung Ingenieure Architekten Wallis","publisher":{"@id":"https:\/\/www.iavs.ch\/de\/#organization"},"potentialAction":[{"@type":"SearchAction","target":{"@type":"EntryPoint","urlTemplate":"https:\/\/www.iavs.ch\/de\/?s={search_term_string}"},"query-input":{"@type":"PropertyValueSpecification","valueRequired":true,"valueName":"search_term_string"}}],"inLanguage":"de"},{"@type":"Organization","@id":"https:\/\/www.iavs.ch\/de\/#organization","name":"IAVS","url":"https:\/\/www.iavs.ch\/de\/","logo":{"@type":"ImageObject","inLanguage":"de","@id":"https:\/\/www.iavs.ch\/de\/#\/schema\/logo\/image\/","url":"https:\/\/www.iavs.ch\/wp-content\/uploads\/2024\/05\/IAVS-logo.svg","contentUrl":"https:\/\/www.iavs.ch\/wp-content\/uploads\/2024\/05\/IAVS-logo.svg","width":1,"height":1,"caption":"IAVS"},"image":{"@id":"https:\/\/www.iavs.ch\/de\/#\/schema\/logo\/image\/"}}]}},"_links":{"self":[{"href":"https:\/\/www.iavs.ch\/de\/wp-json\/wp\/v2\/pages\/1089","targetHints":{"allow":["GET"]}}],"collection":[{"href":"https:\/\/www.iavs.ch\/de\/wp-json\/wp\/v2\/pages"}],"about":[{"href":"https:\/\/www.iavs.ch\/de\/wp-json\/wp\/v2\/types\/page"}],"author":[{"embeddable":true,"href":"https:\/\/www.iavs.ch\/de\/wp-json\/wp\/v2\/users\/1"}],"replies":[{"embeddable":true,"href":"https:\/\/www.iavs.ch\/de\/wp-json\/wp\/v2\/comments?post=1089"}],"version-history":[{"count":5,"href":"https:\/\/www.iavs.ch\/de\/wp-json\/wp\/v2\/pages\/1089\/revisions"}],"predecessor-version":[{"id":1803,"href":"https:\/\/www.iavs.ch\/de\/wp-json\/wp\/v2\/pages\/1089\/revisions\/1803"}],"wp:attachment":[{"href":"https:\/\/www.iavs.ch\/de\/wp-json\/wp\/v2\/media?parent=1089"}],"curies":[{"name":"wp","href":"https:\/\/api.w.org\/{rel}","templated":true}]}}