{"id":1093,"date":"2024-05-06T06:19:07","date_gmt":"2024-05-06T04:19:07","guid":{"rendered":"https:\/\/www.iavs.ch\/professions\/"},"modified":"2024-10-22T14:19:09","modified_gmt":"2024-10-22T12:19:09","slug":"berufe","status":"publish","type":"page","link":"https:\/\/www.iavs.ch\/de\/berufe\/","title":{"rendered":"Berufe"},"content":{"rendered":"<div class=\"wpb-content-wrapper\"><p>[vc_row full_width=&#8220;stretch_row&#8220; content_placement=&#8220;middle&#8220; el_class=&#8220;section-banner&#8220; css=&#8220;.vc_custom_1715158615002{padding-top: 100px !important;padding-bottom: 100px !important;background-image: url(https:\/\/www.iavs.ch\/wp-content\/uploads\/2024\/05\/efc19074f0a958f39a514c532de39acd.jpg?id=598) !important;background-position: center !important;background-repeat: no-repeat !important;background-size: cover !important;}&#8220;][vc_column css=&#8220;.vc_custom_1714982198824{margin-top: 0px !important;padding-top: 0px !important;}&#8220;][vc_custom_heading text=&#8220;Berufe&#8220; font_container=&#8220;tag:h1|font_size:56|text_align:center|color:%23ffffff|line_height:1.2&#8243; use_theme_fonts=&#8220;yes&#8220; css=&#8220;.vc_custom_1729597982398{margin-top: 0px !important;margin-bottom: 0px !important;padding-top: 0px !important;padding-bottom: 0px !important;}&#8220; el_class=&#8220;title-page&#8220;][\/vc_column][\/vc_row][vc_row][vc_column css=&#8220;.vc_custom_1715394682077{margin-top: 0px !important;padding-top: 0px !important;}&#8220;][vc_raw_html css=&#8220;.vc_custom_1715394638948{margin-top: 0px !important;margin-bottom: 0px !important;padding-top: 0px !important;padding-bottom: 0px !important;}&#8220;]JTVCYnJlYWRjcnVtYnMlNUQ=[\/vc_raw_html][\/vc_column][\/vc_row][vc_row][vc_column el_class=&#8220;max-1000&#8243;][vc_custom_heading text=&#8220;Von IAVS vertretene Berufe&#8220; font_container=&#8220;tag:h2|font_size:40px|text_align:left|line_height:1.25&#8243; use_theme_fonts=&#8220;yes&#8220; css=&#8220;.vc_custom_1729598063468{margin-bottom: 40px !important;}&#8220;][vc_column_text css=&#8220;.vc_custom_1729598128052{margin-bottom: 40px !important;}&#8220;]Der Bausektor umfasst alle T\u00e4tigkeitsbereiche und Disziplinen, die mit dem Bauwesen in Verbindung stehen. IAVS vertritt insbesondere die Architektur- und Ingenieurb\u00fcros.[\/vc_column_text]\t<div class=\"rst-text-icon\">\n\t\t\t\t\t<img decoding=\"async\" src=\"https:\/\/www.iavs.ch\/wp-content\/uploads\/2024\/05\/Pencil.svg\" alt=\"\" \/>\n\t\t\t\t<span>Architekt (HES oder ETH)<\/span>\n\t<\/div>\n\t\n[vc_empty_space height=&#8220;20px&#8220;][vc_column_text css=&#8220;.vc_custom_1729598267741{margin-bottom: 40px !important;}&#8220;]Architekten befassen sich mit der Form der Zweckbestimmung und der Gestaltung von Geb\u00e4uden. <strong>Sie planen und realisieren alle Arten von Geb\u00e4uden und achten dabei darauf, dass sie mit der Landschaft und der umgebenden Architektur harmonieren.<\/strong> W\u00e4hrend des Baus begleiten sie das Projekt und f\u00fchren die Bau\u00fcberwachung durch, indem sie \u00fcberpr\u00fcfen, ob das Bauwerk ihren Pl\u00e4nen entspricht. Der Titel des Architekten wird nach erfolgreichem Abschluss einer Ausbildung an einer Fachhochschule (HES) oder Universit\u00e4t (ETH) verliehen.[\/vc_column_text]\t<div class=\"rst-text-icon\">\n\t\t\t\t\t<img decoding=\"async\" src=\"https:\/\/www.iavs.ch\/wp-content\/uploads\/2024\/05\/Statistics.svg\" alt=\"\" \/>\n\t\t\t\t<span>Bauingenieur\/in (HES oder ETH)<\/span>\n\t<\/div>\n\t\n[vc_empty_space height=&#8220;20px&#8220;][vc_column_text css=&#8220;.vc_custom_1729599340284{margin-bottom: 40px !important;}&#8220;]Bauingenieure planen, skizzieren und entwerfen eine breite Palette von Bauwerken: Geb\u00e4ude, Verkehrswege, Energie- und Wasserversorgungsanlagen usw. Sie sind f\u00fcr ihre Arbeit verantwortlich. <strong>Mit ihrer hohen technischen Kompetenz \u00fcbernehmen sie die Verantwortung f\u00fcr ihre Projekte und sorgen daf\u00fcr, dass sie kosteng\u00fcnstig und umweltvertr\u00e4glich durchgef\u00fchrt werden<\/strong>. Es gibt zahlreiche Unterbereiche: Umbauten, Renovierungen, Instandhaltung, unterirdische Bauten usw. Der Titel des Bauingenieurs wird nach erfolgreichem Abschluss einer Fachhochschule (HES) oder Universit\u00e4t (ETH) verliehen.[\/vc_column_text]\t<div class=\"rst-text-icon\">\n\t\t\t\t\t<img decoding=\"async\" src=\"https:\/\/www.iavs.ch\/wp-content\/uploads\/2024\/05\/Map.svg\" alt=\"\" \/>\n\t\t\t\t<span>Zeichner\/in, Fachrichtung Architektur oder Fachrichtung Bauingenieurwesen (EFZ)<\/span>\n\t<\/div>\n\t\n[vc_empty_space height=&#8220;20px&#8220;][vc_column_text css=&#8220;.vc_custom_1729599429018{margin-bottom: 0px !important;}&#8220;]Zeichner arbeiten in Unternehmen aus den Bereichen Architektur, Bauingenieurwesen und Raumplanung. <strong>Sie bereiten die Modellierung und Planung von Bauprojekten vor und verwalten sie.<\/strong> Mithilfe von CAD-Software erstellen sie technische Skizzen und Pl\u00e4ne. Den Titel des Zeichners erh\u00e4lt man nach dem erfolgreichen Abschluss einer klassischen vierj\u00e4hrigen Lehre.[\/vc_column_text][vc_empty_space height=&#8220;80px&#8220;][vc_empty_space height=&#8220;40px&#8220; el_class=&#8220;hidden&#8220;][\/vc_column][\/vc_row][vc_row full_width=&#8220;stretch_row&#8220; el_class=&#8220;bg_brown&#8220; css=&#8220;.vc_custom_1715226991478{padding-top: 90px !important;padding-bottom: 120px !important;}&#8220;][vc_column][vc_row_inner][vc_column_inner width=&#8220;1\/2&#8243; css=&#8220;.vc_custom_1715226969541{padding-top: 30px !important;}&#8220;]\t<div class=\"rst-box-icon text-left\">\n\t\t\t\t\t<img decoding=\"async\" src=\"https:\/\/www.iavs.ch\/wp-content\/uploads\/2024\/05\/Edit.svg\" alt=\"\" \/>\n\t\t\t\t<p>Zeichner <strong>Fachrichtung Architektur<\/strong> erstellen Pl\u00e4ne von Geb\u00e4uden und R\u00e4umen, f\u00fcr Wohnh\u00e4user, Einkaufszentren, B\u00fcrogeb\u00e4ude, usw.<\/p>\n\t<\/div>\n\t\n[\/vc_column_inner][vc_column_inner width=&#8220;1\/2&#8243; css=&#8220;.vc_custom_1715226980669{padding-top: 30px !important;}&#8220;]\t<div class=\"rst-box-icon text-left\">\n\t\t\t\t\t<img decoding=\"async\" src=\"https:\/\/www.iavs.ch\/wp-content\/uploads\/2024\/05\/Clipboard.svg\" alt=\"\" \/>\n\t\t\t\t<p>Zeichner <strong>Ausrichtung Bauingenieurwesen<\/strong> arbeiten eher an Pl\u00e4nen f\u00fcr Strassen, Tunnel, Br\u00fccken, Staud\u00e4mme sowie f\u00fcr tragende Strukturen von Geb\u00e4uden.<\/p>\n\t<\/div>\n\t\n[\/vc_column_inner][\/vc_row_inner][\/vc_column][\/vc_row][vc_row css=&#8220;.vc_custom_1715160174050{margin-top: 0px !important;margin-bottom: 0px !important;padding-top: 0px !important;padding-bottom: 0px !important;}&#8220;][vc_column css=&#8220;.vc_custom_1715160159993{margin-top: 0px !important;margin-bottom: 0px !important;padding-top: 0px !important;padding-bottom: 0px !important;}&#8220;][vc_empty_space height=&#8220;100px&#8220;][vc_empty_space height=&#8220;20px&#8220; el_class=&#8220;hidden&#8220;][\/vc_column][\/vc_row]<\/p>\n<\/div>","protected":false},"excerpt":{"rendered":"<p>[vc_row full_width=&#8220;stretch_row&#8220; content_placement=&#8220;middle&#8220; el_class=&#8220;section-banner&#8220; css=&#8220;.vc_custom_1715158615002{padding-top: 100px !important;padding-bottom: 100px !important;background-image: url(https:\/\/www.iavs.ch\/wp-content\/uploads\/2024\/05\/efc19074f0a958f39a514c532de39acd.jpg?id=598) !important;background-position: center !important;background-repeat: no-repeat !important;background-size: cover !important;}&#8220;][vc_column css=&#8220;.vc_custom_1714982198824{margin-top: 0px !important;padding-top: 0px !important;}&#8220;][vc_custom_heading text=&#8220;Berufe&#8220; font_container=&#8220;tag:h1|font_size:56|text_align:center|color:%23ffffff|line_height:1.2&#8243; use_theme_fonts=&#8220;yes&#8220; css=&#8220;.vc_custom_1729597982398{margin-top: 0px !important;margin-bottom: 0px !important;padding-top: 0px !important;padding-bottom: 0px !important;}&#8220; el_class=&#8220;title-page&#8220;][\/vc_column][\/vc_row][vc_row][vc_column css=&#8220;.vc_custom_1715394682077{margin-top: 0px !important;padding-top: 0px !important;}&#8220;][vc_raw_html css=&#8220;.vc_custom_1715394638948{margin-top: 0px !important;margin-bottom: 0px !important;padding-top: 0px !important;padding-bottom: 0px !important;}&#8220;]JTVCYnJlYWRjcnVtYnMlNUQ=[\/vc_raw_html][\/vc_column][\/vc_row][vc_row][vc_column el_class=&#8220;max-1000&#8243;][vc_custom_heading text=&#8220;Von IAVS vertretene Berufe&#8220; font_container=&#8220;tag:h2|font_size:40px|text_align:left|line_height:1.25&#8243; [&hellip;]<\/p>\n","protected":false},"author":1,"featured_media":0,"parent":0,"menu_order":0,"comment_status":"closed","ping_status":"closed","template":"","meta":{"_acf_changed":false,"footnotes":""},"class_list":["post-1093","page","type-page","status-publish","hentry"],"acf":[],"yoast_head":"<!-- This site is optimized with the Yoast SEO plugin v27.5 - https:\/\/yoast.com\/product\/yoast-seo-wordpress\/ -->\n<title>IAVS \u2013 Professions<\/title>\n<meta name=\"description\" content=\"L\u2019IAVS repr\u00e9sente en particulier les bureaux d\u2019architectes et d\u2019ing\u00e9nieurs.\" \/>\n<meta name=\"robots\" content=\"index, follow, max-snippet:-1, max-image-preview:large, max-video-preview:-1\" \/>\n<link rel=\"canonical\" href=\"https:\/\/www.iavs.ch\/de\/berufe\/\" \/>\n<meta property=\"og:locale\" content=\"de_DE\" \/>\n<meta property=\"og:type\" content=\"article\" \/>\n<meta property=\"og:title\" content=\"IAVS \u2013 Professions\" \/>\n<meta property=\"og:description\" content=\"L\u2019IAVS repr\u00e9sente en particulier les bureaux d\u2019architectes et d\u2019ing\u00e9nieurs.\" \/>\n<meta property=\"og:url\" content=\"https:\/\/www.iavs.ch\/de\/berufe\/\" \/>\n<meta property=\"og:site_name\" content=\"IAVS - Ingenieure und Architekten aus dem Wallis\" \/>\n<meta property=\"article:modified_time\" content=\"2024-10-22T12:19:09+00:00\" \/>\n<meta name=\"twitter:card\" content=\"summary_large_image\" \/>\n<meta name=\"twitter:label1\" content=\"Gesch\u00e4tzte Lesezeit\" \/>\n\t<meta name=\"twitter:data1\" content=\"3\u00a0Minuten\" \/>\n<script type=\"application\/ld+json\" class=\"yoast-schema-graph\">{\"@context\":\"https:\\\/\\\/schema.org\",\"@graph\":[{\"@type\":\"WebPage\",\"@id\":\"https:\\\/\\\/www.iavs.ch\\\/de\\\/berufe\\\/\",\"url\":\"https:\\\/\\\/www.iavs.ch\\\/de\\\/berufe\\\/\",\"name\":\"IAVS \u2013 Professions\",\"isPartOf\":{\"@id\":\"https:\\\/\\\/www.iavs.ch\\\/de\\\/#website\"},\"datePublished\":\"2024-05-06T04:19:07+00:00\",\"dateModified\":\"2024-10-22T12:19:09+00:00\",\"description\":\"L\u2019IAVS repr\u00e9sente en particulier les bureaux d\u2019architectes et d\u2019ing\u00e9nieurs.\",\"breadcrumb\":{\"@id\":\"https:\\\/\\\/www.iavs.ch\\\/de\\\/berufe\\\/#breadcrumb\"},\"inLanguage\":\"de\",\"potentialAction\":[{\"@type\":\"ReadAction\",\"target\":[\"https:\\\/\\\/www.iavs.ch\\\/de\\\/berufe\\\/\"]}]},{\"@type\":\"BreadcrumbList\",\"@id\":\"https:\\\/\\\/www.iavs.ch\\\/de\\\/berufe\\\/#breadcrumb\",\"itemListElement\":[{\"@type\":\"ListItem\",\"position\":1,\"name\":\"Accueil\",\"item\":\"https:\\\/\\\/www.iavs.ch\\\/de\\\/\"},{\"@type\":\"ListItem\",\"position\":2,\"name\":\"Berufe\"}]},{\"@type\":\"WebSite\",\"@id\":\"https:\\\/\\\/www.iavs.ch\\\/de\\\/#website\",\"url\":\"https:\\\/\\\/www.iavs.ch\\\/de\\\/\",\"name\":\"IAVS \u2013 Ing\u00e9nieurs et Architectes du Valais\",\"description\":\"Vereinigung Ingenieure Architekten Wallis\",\"publisher\":{\"@id\":\"https:\\\/\\\/www.iavs.ch\\\/de\\\/#organization\"},\"potentialAction\":[{\"@type\":\"SearchAction\",\"target\":{\"@type\":\"EntryPoint\",\"urlTemplate\":\"https:\\\/\\\/www.iavs.ch\\\/de\\\/?s={search_term_string}\"},\"query-input\":{\"@type\":\"PropertyValueSpecification\",\"valueRequired\":true,\"valueName\":\"search_term_string\"}}],\"inLanguage\":\"de\"},{\"@type\":\"Organization\",\"@id\":\"https:\\\/\\\/www.iavs.ch\\\/de\\\/#organization\",\"name\":\"IAVS\",\"url\":\"https:\\\/\\\/www.iavs.ch\\\/de\\\/\",\"logo\":{\"@type\":\"ImageObject\",\"inLanguage\":\"de\",\"@id\":\"https:\\\/\\\/www.iavs.ch\\\/de\\\/#\\\/schema\\\/logo\\\/image\\\/\",\"url\":\"https:\\\/\\\/www.iavs.ch\\\/wp-content\\\/uploads\\\/2024\\\/05\\\/IAVS-logo.svg\",\"contentUrl\":\"https:\\\/\\\/www.iavs.ch\\\/wp-content\\\/uploads\\\/2024\\\/05\\\/IAVS-logo.svg\",\"width\":1,\"height\":1,\"caption\":\"IAVS\"},\"image\":{\"@id\":\"https:\\\/\\\/www.iavs.ch\\\/de\\\/#\\\/schema\\\/logo\\\/image\\\/\"}}]}<\/script>\n<!-- \/ Yoast SEO plugin. -->","yoast_head_json":{"title":"IAVS \u2013 Professions","description":"L\u2019IAVS repr\u00e9sente en particulier les bureaux d\u2019architectes et d\u2019ing\u00e9nieurs.","robots":{"index":"index","follow":"follow","max-snippet":"max-snippet:-1","max-image-preview":"max-image-preview:large","max-video-preview":"max-video-preview:-1"},"canonical":"https:\/\/www.iavs.ch\/de\/berufe\/","og_locale":"de_DE","og_type":"article","og_title":"IAVS \u2013 Professions","og_description":"L\u2019IAVS repr\u00e9sente en particulier les bureaux d\u2019architectes et d\u2019ing\u00e9nieurs.","og_url":"https:\/\/www.iavs.ch\/de\/berufe\/","og_site_name":"IAVS - Ingenieure und Architekten aus dem Wallis","article_modified_time":"2024-10-22T12:19:09+00:00","twitter_card":"summary_large_image","twitter_misc":{"Gesch\u00e4tzte Lesezeit":"3\u00a0Minuten"},"schema":{"@context":"https:\/\/schema.org","@graph":[{"@type":"WebPage","@id":"https:\/\/www.iavs.ch\/de\/berufe\/","url":"https:\/\/www.iavs.ch\/de\/berufe\/","name":"IAVS \u2013 Professions","isPartOf":{"@id":"https:\/\/www.iavs.ch\/de\/#website"},"datePublished":"2024-05-06T04:19:07+00:00","dateModified":"2024-10-22T12:19:09+00:00","description":"L\u2019IAVS repr\u00e9sente en particulier les bureaux d\u2019architectes et d\u2019ing\u00e9nieurs.","breadcrumb":{"@id":"https:\/\/www.iavs.ch\/de\/berufe\/#breadcrumb"},"inLanguage":"de","potentialAction":[{"@type":"ReadAction","target":["https:\/\/www.iavs.ch\/de\/berufe\/"]}]},{"@type":"BreadcrumbList","@id":"https:\/\/www.iavs.ch\/de\/berufe\/#breadcrumb","itemListElement":[{"@type":"ListItem","position":1,"name":"Accueil","item":"https:\/\/www.iavs.ch\/de\/"},{"@type":"ListItem","position":2,"name":"Berufe"}]},{"@type":"WebSite","@id":"https:\/\/www.iavs.ch\/de\/#website","url":"https:\/\/www.iavs.ch\/de\/","name":"IAVS \u2013 Ing\u00e9nieurs et Architectes du Valais","description":"Vereinigung Ingenieure Architekten Wallis","publisher":{"@id":"https:\/\/www.iavs.ch\/de\/#organization"},"potentialAction":[{"@type":"SearchAction","target":{"@type":"EntryPoint","urlTemplate":"https:\/\/www.iavs.ch\/de\/?s={search_term_string}"},"query-input":{"@type":"PropertyValueSpecification","valueRequired":true,"valueName":"search_term_string"}}],"inLanguage":"de"},{"@type":"Organization","@id":"https:\/\/www.iavs.ch\/de\/#organization","name":"IAVS","url":"https:\/\/www.iavs.ch\/de\/","logo":{"@type":"ImageObject","inLanguage":"de","@id":"https:\/\/www.iavs.ch\/de\/#\/schema\/logo\/image\/","url":"https:\/\/www.iavs.ch\/wp-content\/uploads\/2024\/05\/IAVS-logo.svg","contentUrl":"https:\/\/www.iavs.ch\/wp-content\/uploads\/2024\/05\/IAVS-logo.svg","width":1,"height":1,"caption":"IAVS"},"image":{"@id":"https:\/\/www.iavs.ch\/de\/#\/schema\/logo\/image\/"}}]}},"_links":{"self":[{"href":"https:\/\/www.iavs.ch\/de\/wp-json\/wp\/v2\/pages\/1093","targetHints":{"allow":["GET"]}}],"collection":[{"href":"https:\/\/www.iavs.ch\/de\/wp-json\/wp\/v2\/pages"}],"about":[{"href":"https:\/\/www.iavs.ch\/de\/wp-json\/wp\/v2\/types\/page"}],"author":[{"embeddable":true,"href":"https:\/\/www.iavs.ch\/de\/wp-json\/wp\/v2\/users\/1"}],"replies":[{"embeddable":true,"href":"https:\/\/www.iavs.ch\/de\/wp-json\/wp\/v2\/comments?post=1093"}],"version-history":[{"count":8,"href":"https:\/\/www.iavs.ch\/de\/wp-json\/wp\/v2\/pages\/1093\/revisions"}],"predecessor-version":[{"id":1567,"href":"https:\/\/www.iavs.ch\/de\/wp-json\/wp\/v2\/pages\/1093\/revisions\/1567"}],"wp:attachment":[{"href":"https:\/\/www.iavs.ch\/de\/wp-json\/wp\/v2\/media?parent=1093"}],"curies":[{"name":"wp","href":"https:\/\/api.w.org\/{rel}","templated":true}]}}